{"id":44222,"date":"2023-05-04T16:27:34","date_gmt":"2023-05-04T14:27:34","guid":{"rendered":"https:\/\/kliqacademy.be\/acerca-de-clq\/"},"modified":"2023-05-04T16:35:02","modified_gmt":"2023-05-04T14:35:02","slug":"acerca-de-clq","status":"publish","type":"page","link":"https:\/\/academy.cavaria.be\/es\/acerca-de-clq\/","title":{"rendered":"Acerca de CLQ"},"content":{"rendered":"\t\t<div data-elementor-type=\"wp-post\" data-elementor-id=\"44222\" class=\"elementor elementor-44222 elementor-27057\" data-elementor-post-type=\"page\">\n\t\t\t\t\t\t<section class=\"elementor-section elementor-top-section elementor-element elementor-element-9690a79 elementor-section-boxed elementor-section-height-default elementor-section-height-default\" data-id=\"9690a79\" data-element_type=\"section\" data-e-type=\"section\" data-settings=\"{&quot;background_background&quot;:&quot;gradient&quot;}\">\n\t\t\t\t\t\t<div class=\"elementor-container elementor-column-gap-default\">\n\t\t\t\t\t<div class=\"elementor-column elementor-col-100 elementor-top-column elementor-element elementor-element-69d31e9\" data-id=\"69d31e9\" data-element_type=\"column\" data-e-type=\"column\">\n\t\t\t<div class=\"elementor-widget-wrap elementor-element-populated\">\n\t\t\t\t\t\t<div class=\"elementor-element elementor-element-b3f3576 elementor-widget elementor-widget-image-box\" data-id=\"b3f3576\" data-element_type=\"widget\" data-e-type=\"widget\" data-widget_type=\"image-box.default\">\n\t\t\t\t<div class=\"elementor-widget-container\">\n\t\t\t\t\t<div class=\"elementor-image-box-wrapper\"><div class=\"elementor-image-box-content\"><h1 class=\"elementor-image-box-title\">Acerca de CLQ<\/h1><p class=\"elementor-image-box-description\">KLIQ es el centro de educaci\u00f3n y formaci\u00f3n de \u00e7avaria que trabaja la diversidad sexual y de g\u00e9nero. Puede contactarnos para capacitaci\u00f3n, orientaci\u00f3n de trayectoria y seminarios web sobre el tema LGBTI.<\/p><\/div><\/div>\t\t\t\t<\/div>\n\t\t\t\t<\/div>\n\t\t\t\t\t<\/div>\n\t\t<\/div>\n\t\t\t\t\t<\/div>\n\t\t<\/section>\n\t\t\t\t<section class=\"elementor-section elementor-top-section elementor-element elementor-element-956eb93 elementor-section-content-middle elementor-section-boxed elementor-section-height-default elementor-section-height-default\" data-id=\"956eb93\" data-element_type=\"section\" data-e-type=\"section\" data-settings=\"{&quot;background_background&quot;:&quot;classic&quot;,&quot;shape_divider_bottom&quot;:&quot;waves&quot;}\">\n\t\t\t\t\t<div class=\"elementor-shape elementor-shape-bottom\" aria-hidden=\"true\" data-negative=\"false\">\n\t\t\t<svg xmlns=\"http:\/\/www.w3.org\/2000\/svg\" viewBox=\"0 0 1000 100\" preserveAspectRatio=\"none\">\n\t<path class=\"elementor-shape-fill\" d=\"M421.9,6.5c22.6-2.5,51.5,0.4,75.5,5.3c23.6,4.9,70.9,23.5,100.5,35.7c75.8,32.2,133.7,44.5,192.6,49.7\n\tc23.6,2.1,48.7,3.5,103.4-2.5c54.7-6,106.2-25.6,106.2-25.6V0H0v30.3c0,0,72,32.6,158.4,30.5c39.2-0.7,92.8-6.7,134-22.4\n\tc21.2-8.1,52.2-18.2,79.7-24.2C399.3,7.9,411.6,7.5,421.9,6.5z\"\/>\n<\/svg>\t\t<\/div>\n\t\t\t\t\t<div class=\"elementor-container elementor-column-gap-default\">\n\t\t\t\t\t<div class=\"elementor-column elementor-col-50 elementor-top-column elementor-element elementor-element-daf9452\" data-id=\"daf9452\" data-element_type=\"column\" data-e-type=\"column\">\n\t\t\t<div class=\"elementor-widget-wrap elementor-element-populated\">\n\t\t\t\t\t\t<div class=\"elementor-element elementor-element-2278390 elementor-widget elementor-widget-image\" data-id=\"2278390\" data-element_type=\"widget\" data-e-type=\"widget\" data-widget_type=\"image.default\">\n\t\t\t\t<div class=\"elementor-widget-container\">\n\t\t\t\t\t\t\t\t\t\t\t\t\t\t\t<img fetchpriority=\"high\" decoding=\"async\" width=\"1024\" height=\"710\" src=\"https:\/\/academy.cavaria.be\/wp-content\/uploads\/2020\/09\/iStock-857317792-1024x710.jpg\" class=\"attachment-large size-large wp-image-44240\" alt=\"\" srcset=\"https:\/\/academy.cavaria.be\/wp-content\/uploads\/2020\/09\/iStock-857317792-1024x710.jpg 1024w, https:\/\/academy.cavaria.be\/wp-content\/uploads\/2020\/09\/iStock-857317792-300x208.jpg 300w, https:\/\/academy.cavaria.be\/wp-content\/uploads\/2020\/09\/iStock-857317792-768x533.jpg 768w, https:\/\/academy.cavaria.be\/wp-content\/uploads\/2020\/09\/iStock-857317792-1536x1065.jpg 1536w, https:\/\/academy.cavaria.be\/wp-content\/uploads\/2020\/09\/iStock-857317792-2048x1420.jpg 2048w, https:\/\/academy.cavaria.be\/wp-content\/uploads\/2020\/09\/iStock-857317792-400x277.jpg 400w, https:\/\/academy.cavaria.be\/wp-content\/uploads\/2020\/09\/iStock-857317792-600x416.jpg 600w\" sizes=\"(max-width: 1024px) 100vw, 1024px\" \/>\t\t\t\t\t\t\t\t\t\t\t\t\t\t\t<\/div>\n\t\t\t\t<\/div>\n\t\t\t\t\t<\/div>\n\t\t<\/div>\n\t\t\t\t<div class=\"elementor-column elementor-col-50 elementor-top-column elementor-element elementor-element-d72c8c8\" data-id=\"d72c8c8\" data-element_type=\"column\" data-e-type=\"column\" data-settings=\"{&quot;background_background&quot;:&quot;classic&quot;}\">\n\t\t\t<div class=\"elementor-widget-wrap elementor-element-populated\">\n\t\t\t\t\t\t<div class=\"elementor-element elementor-element-bdc285f elementor-widget elementor-widget-heading\" data-id=\"bdc285f\" data-element_type=\"widget\" data-e-type=\"widget\" data-widget_type=\"heading.default\">\n\t\t\t\t<div class=\"elementor-widget-container\">\n\t\t\t\t\t<h2 class=\"elementor-heading-title elementor-size-default\">KLIQ<\/h2>\t\t\t\t<\/div>\n\t\t\t\t<\/div>\n\t\t\t\t<div class=\"elementor-element elementor-element-379f4c5 elementor-widget elementor-widget-text-editor\" data-id=\"379f4c5\" data-element_type=\"widget\" data-e-type=\"widget\" data-widget_type=\"text-editor.default\">\n\t\t\t\t<div class=\"elementor-widget-container\">\n\t\t\t\t\t\t\t\t\t<p>Bienvenido a la p\u00e1gina de aprendizaje electr\u00f3nico de KliQ. En esta p\u00e1gina puede encontrar varios m\u00f3dulos de aprendizaje electr\u00f3nico, cada uno de los cuales trata diferentes temas y contextos en torno al g\u00e9nero y la diversidad sexual. Se recomienda comenzar con el e-learning: <em>\u201cEl ABC de SOGIE, todo lo que necesitas saber sobre g\u00e9nero y diversidad sexual\u201d<\/em>.<\/p>\n<p>Agregamos nuevos e-learning de forma regular. \u00bfQuieres m\u00e1s informaci\u00f3n de fondo o quieres solicitar una formaci\u00f3n? Entonces lo mejor es mirar kliqvzw.be<\/p>\n\t\t\t\t\t\t\t\t<\/div>\n\t\t\t\t<\/div>\n\t\t\t\t\t<\/div>\n\t\t<\/div>\n\t\t\t\t\t<\/div>\n\t\t<\/section>\n\t\t\t\t<\/div>\n\t\t","protected":false},"excerpt":{"rendered":"<p>Acerca de CLQ KLIQ es el centro de educaci\u00f3n y formaci\u00f3n de \u00e7avaria que trabaja la diversidad sexual y de g\u00e9nero. Puede contactarnos para capacitaci\u00f3n, orientaci\u00f3n de trayectoria y seminarios web sobre el tema LGBTI. KLIQ Bienvenido a la p\u00e1gina de aprendizaje electr\u00f3nico de KliQ. En esta p\u00e1gina puede encontrar varios m\u00f3dulos de aprendizaje electr\u00f3nico, [&hellip;]<\/p>\n","protected":false},"author":1,"featured_media":0,"parent":0,"menu_order":0,"comment_status":"closed","ping_status":"closed","template":"","meta":{"site-sidebar-layout":"no-sidebar","site-content-layout":"page-builder","ast-site-content-layout":"default","site-content-style":"default","site-sidebar-style":"default","ast-global-header-display":"","ast-banner-title-visibility":"","ast-main-header-display":"","ast-hfb-above-header-display":"","ast-hfb-below-header-display":"","ast-hfb-mobile-header-display":"","site-post-title":"disabled","ast-breadcrumbs-content":"","ast-featured-img":"disabled","footer-sml-layout":"","ast-disable-related-posts":"","theme-transparent-header-meta":"enabled","adv-header-id-meta":"","stick-header-meta":"","header-above-stick-meta":"","header-main-stick-meta":"","header-below-stick-meta":"","astra-migrate-meta-layouts":"default","ast-page-background-enabled":"default","ast-page-background-meta":{"desktop":{"background-color":"","background-image":"","background-repeat":"repeat","background-position":"center center","background-size":"auto","background-attachment":"scroll","background-type":"","background-media":"","overlay-type":"","overlay-color":"","overlay-opacity":"","overlay-gradient":""},"tablet":{"background-color":"","background-image":"","background-repeat":"repeat","background-position":"center center","background-size":"auto","background-attachment":"scroll","background-type":"","background-media":"","overlay-type":"","overlay-color":"","overlay-opacity":"","overlay-gradient":""},"mobile":{"background-color":"","background-image":"","background-repeat":"repeat","background-position":"center center","background-size":"auto","background-attachment":"scroll","background-type":"","background-media":"","overlay-type":"","overlay-color":"","overlay-opacity":"","overlay-gradient":""}},"ast-content-background-meta":{"desktop":{"background-color":"var(--ast-global-color-5)","background-image":"","background-repeat":"repeat","background-position":"center center","background-size":"auto","background-attachment":"scroll","background-type":"","background-media":"","overlay-type":"","overlay-color":"","overlay-opacity":"","overlay-gradient":""},"tablet":{"background-color":"var(--ast-global-color-5)","background-image":"","background-repeat":"repeat","background-position":"center center","background-size":"auto","background-attachment":"scroll","background-type":"","background-media":"","overlay-type":"","overlay-color":"","overlay-opacity":"","overlay-gradient":""},"mobile":{"background-color":"var(--ast-global-color-5)","background-image":"","background-repeat":"repeat","background-position":"center center","background-size":"auto","background-attachment":"scroll","background-type":"","background-media":"","overlay-type":"","overlay-color":"","overlay-opacity":"","overlay-gradient":""}},"footnotes":""},"class_list":["post-44222","page","type-page","status-publish","hentry"],"_links":{"self":[{"href":"https:\/\/academy.cavaria.be\/es\/wp-json\/wp\/v2\/pages\/44222","targetHints":{"allow":["GET"]}}],"collection":[{"href":"https:\/\/academy.cavaria.be\/es\/wp-json\/wp\/v2\/pages"}],"about":[{"href":"https:\/\/academy.cavaria.be\/es\/wp-json\/wp\/v2\/types\/page"}],"author":[{"embeddable":true,"href":"https:\/\/academy.cavaria.be\/es\/wp-json\/wp\/v2\/users\/1"}],"replies":[{"embeddable":true,"href":"https:\/\/academy.cavaria.be\/es\/wp-json\/wp\/v2\/comments?post=44222"}],"version-history":[{"count":2,"href":"https:\/\/academy.cavaria.be\/es\/wp-json\/wp\/v2\/pages\/44222\/revisions"}],"predecessor-version":[{"id":44241,"href":"https:\/\/academy.cavaria.be\/es\/wp-json\/wp\/v2\/pages\/44222\/revisions\/44241"}],"wp:attachment":[{"href":"https:\/\/academy.cavaria.be\/es\/wp-json\/wp\/v2\/media?parent=44222"}],"curies":[{"name":"wp","href":"https:\/\/api.w.org\/{rel}","templated":true}]}}