{"id":46335,"date":"2024-10-28T15:47:39","date_gmt":"2024-10-28T14:47:39","guid":{"rendered":"https:\/\/kliqacademy.be\/tous-les-e-learnings\/"},"modified":"2025-11-18T13:28:22","modified_gmt":"2025-11-18T12:28:22","slug":"tous-les-e-learnings","status":"publish","type":"page","link":"https:\/\/academy.cavaria.be\/fr\/tous-les-e-learnings\/","title":{"rendered":"Tous les e-learnings"},"content":{"rendered":"\t\t<div data-elementor-type=\"wp-post\" data-elementor-id=\"46335\" class=\"elementor elementor-46335 elementor-201\" data-elementor-post-type=\"page\">\n\t\t\t\t\t\t<section class=\"elementor-section elementor-top-section elementor-element elementor-element-65ddfad3 elementor-section-boxed elementor-section-height-default elementor-section-height-default\" data-id=\"65ddfad3\" data-element_type=\"section\" data-e-type=\"section\" data-settings=\"{&quot;background_background&quot;:&quot;gradient&quot;}\">\n\t\t\t\t\t\t<div class=\"elementor-container elementor-column-gap-default\">\n\t\t\t\t\t<div class=\"elementor-column elementor-col-100 elementor-top-column elementor-element elementor-element-c947ffe\" data-id=\"c947ffe\" data-element_type=\"column\" data-e-type=\"column\">\n\t\t\t<div class=\"elementor-widget-wrap elementor-element-populated\">\n\t\t\t\t\t\t<div class=\"elementor-element elementor-element-35eed52 elementor-widget elementor-widget-image-box\" data-id=\"35eed52\" data-element_type=\"widget\" data-e-type=\"widget\" data-widget_type=\"image-box.default\">\n\t\t\t\t<div class=\"elementor-widget-container\">\n\t\t\t\t\t<div class=\"elementor-image-box-wrapper\"><div class=\"elementor-image-box-content\"><h1 class=\"elementor-image-box-title\">Tous les e-learnings<\/h1><p class=\"elementor-image-box-description\">Vous pouvez trouver diff\u00e9rents modules d'apprentissage en ligne sur cette page, chacun traitant de th\u00e8mes et de contextes diff\u00e9rents autour du genre et de la diversit\u00e9 sexuelle.<\/p><\/div><\/div>\t\t\t\t<\/div>\n\t\t\t\t<\/div>\n\t\t\t\t\t<\/div>\n\t\t<\/div>\n\t\t\t\t\t<\/div>\n\t\t<\/section>\n\t\t\t\t<section class=\"elementor-section elementor-top-section elementor-element elementor-element-dca64bc elementor-section-boxed elementor-section-height-default elementor-section-height-default\" data-id=\"dca64bc\" data-element_type=\"section\" data-e-type=\"section\">\n\t\t\t\t\t\t<div class=\"elementor-container elementor-column-gap-default\">\n\t\t\t\t\t<div class=\"elementor-column elementor-col-100 elementor-top-column elementor-element elementor-element-c89b13b\" data-id=\"c89b13b\" data-element_type=\"column\" data-e-type=\"column\">\n\t\t\t<div class=\"elementor-widget-wrap elementor-element-populated\">\n\t\t\t\t\t\t<div class=\"elementor-element elementor-element-f21573b elementor-widget elementor-widget-spacer\" data-id=\"f21573b\" data-element_type=\"widget\" data-e-type=\"widget\" data-widget_type=\"spacer.default\">\n\t\t\t\t<div class=\"elementor-widget-container\">\n\t\t\t\t\t\t\t<div class=\"elementor-spacer\">\n\t\t\t<div class=\"elementor-spacer-inner\"><\/div>\n\t\t<\/div>\n\t\t\t\t\t\t<\/div>\n\t\t\t\t<\/div>\n\t\t\t\t<div class=\"elementor-element elementor-element-783b64d elementor-widget elementor-widget-ld-course-list\" data-id=\"783b64d\" data-element_type=\"widget\" data-e-type=\"widget\" data-widget_type=\"ld-course-list.default\">\n\t\t\t\t<div class=\"elementor-widget-container\">\n\t\t\t\t\t<div id=\"ld-course-list-content-19b92d74a28d3647d480f66944985472\" class=\"ld-course-list-content\" data-shortcode-atts=\"{&quot;order&quot;:&quot;ASC&quot;,&quot;orderby&quot;:&quot;ID&quot;,&quot;course_grid&quot;:&quot;true&quot;,&quot;progress_bar&quot;:&quot;true&quot;,&quot;col&quot;:&quot;3&quot;,&quot;course_tag_id&quot;:&quot;117&quot;,&quot;course_categoryselector&quot;:&quot;&quot;,&quot;categoryselector&quot;:&quot;&quot;}\">\n\t\t\t<div class=\"ld-course-list-items row\">\n\t<!-- LearnDash Course Grid v1 --><div class=\"ld_course_grid col-sm-8 col-md-4 \">\n\t<article id=\"post-46362\" class=\" thumbnail course post-46362 sfwd-courses type-sfwd-courses status-publish has-post-thumbnail hentry tag-algemeen-fr tag-basis-fr tag-gender-en-seksuele-diversiteit-fr tag-lgbti-fr ld_course_tag-live-fr\">\n\t\t\t\t\t\t\t\t<div class=\"ribbon free\">\n\t\t\t\tBezp\u0142atne\t\t\t<\/div>\n\t\t\t\n\t\t\t\t\t\t<a\n\t\t\t\taria-hidden=\"true\"\n\t\t\t\thref=\"https:\/\/academy.cavaria.be\/fr\/e-learnings\/asile\/\"\n\t\t\t\ttabindex=\"-1\"\n\t\t\t>\n\t\t\t\t<img decoding=\"async\" width=\"300\" height=\"146\" src=\"https:\/\/academy.cavaria.be\/wp-content\/uploads\/2024\/06\/BANNER_IMAF-300x146.png\" class=\"attachment-medium size-medium wp-post-image\" alt=\"Pour le personnel charg\u00e9 de l&#8217;accueil des demandeurs d&#8217;asile : Introduction \u00e0 la diversit\u00e9 des genres, des sexualit\u00e9s et des sexes\" srcset=\"https:\/\/academy.cavaria.be\/wp-content\/uploads\/2024\/06\/BANNER_IMAF-300x146.png 300w, https:\/\/academy.cavaria.be\/wp-content\/uploads\/2024\/06\/BANNER_IMAF-1024x500.png 1024w, https:\/\/academy.cavaria.be\/wp-content\/uploads\/2024\/06\/BANNER_IMAF-768x375.png 768w, https:\/\/academy.cavaria.be\/wp-content\/uploads\/2024\/06\/BANNER_IMAF-1536x750.png 1536w, https:\/\/academy.cavaria.be\/wp-content\/uploads\/2024\/06\/BANNER_IMAF-2048x999.png 2048w\" sizes=\"(max-width: 300px) 100vw, 300px\" \/>\t\t\t<\/a>\n\t\t\t\t\t\n\t\t\t\t\t<div class=\"caption\">\n\t\t\t\t<h3 class=\"entry-title\">Pour le personnel charg\u00e9 de l&#8217;accueil des demandeurs d&#8217;asile : Introduction \u00e0 la diversit\u00e9 des genres, des sexualit\u00e9s et des sexes<\/h3>\n\t\t\t\t\t\t\t\t<div class=\"entry-content\"><p>Cette formation en ligne a \u00e9t\u00e9 d\u00e9velopp\u00e9e dans le cadre du projet 'Safer Spaces for LGBTI+ Asylum Seekers' (Espaces plus s\u00fbrs pour les demandeurs d'asile LGBTI+). Ce projet vise \u00e0 fournir au personnel des centres d'accueil pour demandeurs d'asile les connaissances n\u00e9cessaires pour travailler de mani\u00e8re inclusive avec les LGBTI+. Cette formation en ligne s'adresse au personnel charg\u00e9 de l'accueil des demandeurs d'asile, tant dans les centres d'accueil collectifs que dans les initiatives locales d'accueil. Dans cette formation en ligne, vous recevrez une introduction \u00e0 la diversit\u00e9 des genres, des sexes et des sexualit\u00e9s, en mettant l'accent sur le contexte dans lequel vous travaillez.<br \/>\nLe projet est financ\u00e9 par l'Union europ\u00e9enne, gr\u00e2ce au soutien du Fonds Asile, Migration et Int\u00e9gration (AMIF).<\/p>\n<\/div>\n\t\t\t\t\t\t\t\t<div class=\"ld_course_grid_button\">\n\t\t\t\t\t<a\n\t\t\t\t\t\taria-label=\"Continuer l&#039;\u00e9tude: Pour le personnel charg\u00e9 de l&#8217;accueil des demandeurs d&#8217;asile : Introduction \u00e0 la diversit\u00e9 des genres, des sexualit\u00e9s et des sexes\"\n\t\t\t\t\t\tclass=\"btn btn-primary\"\n\t\t\t\t\t\thref=\"https:\/\/academy.cavaria.be\/fr\/e-learnings\/asile\/\"\n\t\t\t\t\t>\n\t\t\t\t\t\tContinuer l&#039;\u00e9tude\t\t\t\t\t<\/a>\n\t\t\t\t<\/div>\n\t\t\t\t\t\t\t\t\t\t\t\t\t\t\t\t\t\t\t\t\t\t\t\t\t\t\t<\/div><!-- .entry-header -->\n\t\t\t<\/article><!-- #post-## -->\n<\/div><!-- .ld_course_grid -->\n<!-- LearnDash Course Grid v1 --><div class=\"ld_course_grid col-sm-8 col-md-4 \">\n\t<article id=\"post-47996\" class=\" thumbnail course post-47996 sfwd-courses type-sfwd-courses status-publish has-post-thumbnail hentry tag-algemeen-fr tag-basis-fr tag-gender-en-seksuele-diversiteit-fr tag-lgbti-fr ld_course_tag-live-fr\">\n\t\t\t\t\t\t\t\t<div class=\"ribbon\">\n\t\t\t\tBezp\u0142atne\t\t\t<\/div>\n\t\t\t\n\t\t\t\t\t\t<a\n\t\t\t\taria-hidden=\"true\"\n\t\t\t\thref=\"https:\/\/academy.cavaria.be\/fr\/e-learnings\/introduction-a-la-diversite-des-genres-des-sexualites-et-des-sexes\/\"\n\t\t\t\ttabindex=\"-1\"\n\t\t\t>\n\t\t\t\t<img fetchpriority=\"high\" decoding=\"async\" width=\"300\" height=\"200\" src=\"https:\/\/academy.cavaria.be\/wp-content\/uploads\/2020\/07\/iStock-1256990507-300x200.jpg\" class=\"attachment-medium size-medium wp-post-image\" alt=\"Introduction \u00e0 la diversit\u00e9 des genres, des sexualit\u00e9s et des sexes\" srcset=\"https:\/\/academy.cavaria.be\/wp-content\/uploads\/2020\/07\/iStock-1256990507-300x200.jpg 300w, https:\/\/academy.cavaria.be\/wp-content\/uploads\/2020\/07\/iStock-1256990507-400x267.jpg 400w, https:\/\/academy.cavaria.be\/wp-content\/uploads\/2020\/07\/iStock-1256990507-600x400.jpg 600w, https:\/\/academy.cavaria.be\/wp-content\/uploads\/2020\/07\/iStock-1256990507.jpg 724w\" sizes=\"(max-width: 300px) 100vw, 300px\" \/>\t\t\t<\/a>\n\t\t\t\t\t\n\t\t\t\t\t<div class=\"caption\">\n\t\t\t\t<h3 class=\"entry-title\">Introduction \u00e0 la diversit\u00e9 des genres, des sexualit\u00e9s et des sexes<\/h3>\n\t\t\t\t\t\t\t\t<div class=\"ld_course_grid_button\">\n\t\t\t\t\t<a\n\t\t\t\t\t\taria-label=\"S&#039;inscrire maintenant: Introduction \u00e0 la diversit\u00e9 des genres, des sexualit\u00e9s et des sexes\"\n\t\t\t\t\t\tclass=\"btn btn-primary\"\n\t\t\t\t\t\thref=\"https:\/\/academy.cavaria.be\/fr\/e-learnings\/introduction-a-la-diversite-des-genres-des-sexualites-et-des-sexes\/\"\n\t\t\t\t\t>\n\t\t\t\t\t\tS&#039;inscrire maintenant\t\t\t\t\t<\/a>\n\t\t\t\t<\/div>\n\t\t\t\t\t\t\t\t\t\t\t\t\t\t\t\t\t\t\t\t\t\t\t\t\t\t\t<\/div><!-- .entry-header -->\n\t\t\t<\/article><!-- #post-## -->\n<\/div><!-- .ld_course_grid -->\n\t<\/div>\n\t\t\t<\/div>\n\t\t\t\t\t\t<\/div>\n\t\t\t\t<\/div>\n\t\t\t\t\t<\/div>\n\t\t<\/div>\n\t\t\t\t\t<\/div>\n\t\t<\/section>\n\t\t\t\t<\/div>\n\t\t","protected":false},"excerpt":{"rendered":"<p>Tous les e-learnings Vous pouvez trouver diff\u00e9rents modules d&#8217;apprentissage en ligne sur cette page, chacun traitant de th\u00e8mes et de contextes diff\u00e9rents autour du genre et de la diversit\u00e9 sexuelle.<\/p>\n","protected":false},"author":1,"featured_media":0,"parent":0,"menu_order":0,"comment_status":"closed","ping_status":"closed","template":"","meta":{"site-sidebar-layout":"no-sidebar","site-content-layout":"page-builder","ast-site-content-layout":"default","site-content-style":"default","site-sidebar-style":"default","ast-global-header-display":"","ast-banner-title-visibility":"","ast-main-header-display":"","ast-hfb-above-header-display":"","ast-hfb-below-header-display":"","ast-hfb-mobile-header-display":"","site-post-title":"disabled","ast-breadcrumbs-content":"","ast-featured-img":"disabled","footer-sml-layout":"","ast-disable-related-posts":"","theme-transparent-header-meta":"enabled","adv-header-id-meta":"","stick-header-meta":"","header-above-stick-meta":"","header-main-stick-meta":"","header-below-stick-meta":"","astra-migrate-meta-layouts":"set","ast-page-background-enabled":"default","ast-page-background-meta":{"desktop":{"background-color":"","background-image":"","background-repeat":"repeat","background-position":"center center","background-size":"auto","background-attachment":"scroll","background-type":"","background-media":"","overlay-type":"","overlay-color":"","overlay-opacity":"","overlay-gradient":""},"tablet":{"background-color":"","background-image":"","background-repeat":"repeat","background-position":"center center","background-size":"auto","background-attachment":"scroll","background-type":"","background-media":"","overlay-type":"","overlay-color":"","overlay-opacity":"","overlay-gradient":""},"mobile":{"background-color":"","background-image":"","background-repeat":"repeat","background-position":"center center","background-size":"auto","background-attachment":"scroll","background-type":"","background-media":"","overlay-type":"","overlay-color":"","overlay-opacity":"","overlay-gradient":""}},"ast-content-background-meta":{"desktop":{"background-color":"var(--ast-global-color-5)","background-image":"","background-repeat":"repeat","background-position":"center center","background-size":"auto","background-attachment":"scroll","background-type":"","background-media":"","overlay-type":"","overlay-color":"","overlay-opacity":"","overlay-gradient":""},"tablet":{"background-color":"var(--ast-global-color-5)","background-image":"","background-repeat":"repeat","background-position":"center center","background-size":"auto","background-attachment":"scroll","background-type":"","background-media":"","overlay-type":"","overlay-color":"","overlay-opacity":"","overlay-gradient":""},"mobile":{"background-color":"var(--ast-global-color-5)","background-image":"","background-repeat":"repeat","background-position":"center center","background-size":"auto","background-attachment":"scroll","background-type":"","background-media":"","overlay-type":"","overlay-color":"","overlay-opacity":"","overlay-gradient":""}},"footnotes":""},"class_list":["post-46335","page","type-page","status-publish","hentry"],"_links":{"self":[{"href":"https:\/\/academy.cavaria.be\/fr\/wp-json\/wp\/v2\/pages\/46335","targetHints":{"allow":["GET"]}}],"collection":[{"href":"https:\/\/academy.cavaria.be\/fr\/wp-json\/wp\/v2\/pages"}],"about":[{"href":"https:\/\/academy.cavaria.be\/fr\/wp-json\/wp\/v2\/types\/page"}],"author":[{"embeddable":true,"href":"https:\/\/academy.cavaria.be\/fr\/wp-json\/wp\/v2\/users\/1"}],"replies":[{"embeddable":true,"href":"https:\/\/academy.cavaria.be\/fr\/wp-json\/wp\/v2\/comments?post=46335"}],"version-history":[{"count":2,"href":"https:\/\/academy.cavaria.be\/fr\/wp-json\/wp\/v2\/pages\/46335\/revisions"}],"predecessor-version":[{"id":48217,"href":"https:\/\/academy.cavaria.be\/fr\/wp-json\/wp\/v2\/pages\/46335\/revisions\/48217"}],"wp:attachment":[{"href":"https:\/\/academy.cavaria.be\/fr\/wp-json\/wp\/v2\/media?parent=46335"}],"curies":[{"name":"wp","href":"https:\/\/api.w.org\/{rel}","templated":true}]}}