{"id":44216,"date":"2023-05-04T16:24:11","date_gmt":"2023-05-04T14:24:11","guid":{"rendered":"https:\/\/kliqacademy.be\/informazioni\/"},"modified":"2023-05-04T16:37:06","modified_gmt":"2023-05-04T14:37:06","slug":"informazioni","status":"publish","type":"page","link":"https:\/\/academy.cavaria.be\/it\/informazioni\/","title":{"rendered":"Chi siamo"},"content":{"rendered":"\t\t<div data-elementor-type=\"wp-post\" data-elementor-id=\"44216\" class=\"elementor elementor-44216 elementor-27057\" data-elementor-post-type=\"page\">\n\t\t\t\t\t\t<section class=\"elementor-section elementor-top-section elementor-element elementor-element-9690a79 elementor-section-boxed elementor-section-height-default elementor-section-height-default\" data-id=\"9690a79\" data-element_type=\"section\" data-e-type=\"section\" data-settings=\"{&quot;background_background&quot;:&quot;gradient&quot;}\">\n\t\t\t\t\t\t<div class=\"elementor-container elementor-column-gap-default\">\n\t\t\t\t\t<div class=\"elementor-column elementor-col-100 elementor-top-column elementor-element elementor-element-69d31e9\" data-id=\"69d31e9\" data-element_type=\"column\" data-e-type=\"column\">\n\t\t\t<div class=\"elementor-widget-wrap elementor-element-populated\">\n\t\t\t\t\t\t<div class=\"elementor-element elementor-element-b3f3576 elementor-widget elementor-widget-image-box\" data-id=\"b3f3576\" data-element_type=\"widget\" data-e-type=\"widget\" data-widget_type=\"image-box.default\">\n\t\t\t\t<div class=\"elementor-widget-container\">\n\t\t\t\t\t<div class=\"elementor-image-box-wrapper\"><div class=\"elementor-image-box-content\"><h1 class=\"elementor-image-box-title\">Informazioni su KLIQ<\/h1><p class=\"elementor-image-box-description\">KLIQ \u00e8 il centro di istruzione e formazione di \u00e7avaria che lavora sul genere e la diversit\u00e0 sessuale. Puoi contattarci per formazione, guida alla traiettoria e webinar sul tema LGBTI.<\/p><\/div><\/div>\t\t\t\t<\/div>\n\t\t\t\t<\/div>\n\t\t\t\t\t<\/div>\n\t\t<\/div>\n\t\t\t\t\t<\/div>\n\t\t<\/section>\n\t\t\t\t<section class=\"elementor-section elementor-top-section elementor-element elementor-element-956eb93 elementor-section-content-middle elementor-section-boxed elementor-section-height-default elementor-section-height-default\" data-id=\"956eb93\" data-element_type=\"section\" data-e-type=\"section\" data-settings=\"{&quot;background_background&quot;:&quot;classic&quot;,&quot;shape_divider_bottom&quot;:&quot;waves&quot;}\">\n\t\t\t\t\t<div class=\"elementor-shape elementor-shape-bottom\" aria-hidden=\"true\" data-negative=\"false\">\n\t\t\t<svg xmlns=\"http:\/\/www.w3.org\/2000\/svg\" viewBox=\"0 0 1000 100\" preserveAspectRatio=\"none\">\n\t<path class=\"elementor-shape-fill\" d=\"M421.9,6.5c22.6-2.5,51.5,0.4,75.5,5.3c23.6,4.9,70.9,23.5,100.5,35.7c75.8,32.2,133.7,44.5,192.6,49.7\n\tc23.6,2.1,48.7,3.5,103.4-2.5c54.7-6,106.2-25.6,106.2-25.6V0H0v30.3c0,0,72,32.6,158.4,30.5c39.2-0.7,92.8-6.7,134-22.4\n\tc21.2-8.1,52.2-18.2,79.7-24.2C399.3,7.9,411.6,7.5,421.9,6.5z\"\/>\n<\/svg>\t\t<\/div>\n\t\t\t\t\t<div class=\"elementor-container elementor-column-gap-default\">\n\t\t\t\t\t<div class=\"elementor-column elementor-col-50 elementor-top-column elementor-element elementor-element-daf9452\" data-id=\"daf9452\" data-element_type=\"column\" data-e-type=\"column\">\n\t\t\t<div class=\"elementor-widget-wrap elementor-element-populated\">\n\t\t\t\t\t\t<div class=\"elementor-element elementor-element-2278390 elementor-widget elementor-widget-image\" data-id=\"2278390\" data-element_type=\"widget\" data-e-type=\"widget\" data-widget_type=\"image.default\">\n\t\t\t\t<div class=\"elementor-widget-container\">\n\t\t\t\t\t\t\t\t\t\t\t\t\t\t\t<img fetchpriority=\"high\" decoding=\"async\" width=\"1024\" height=\"710\" src=\"https:\/\/academy.cavaria.be\/wp-content\/uploads\/2020\/09\/iStock-857317792-1024x710.jpg\" class=\"attachment-large size-large wp-image-44234\" alt=\"\" srcset=\"https:\/\/academy.cavaria.be\/wp-content\/uploads\/2020\/09\/iStock-857317792-1024x710.jpg 1024w, https:\/\/academy.cavaria.be\/wp-content\/uploads\/2020\/09\/iStock-857317792-300x208.jpg 300w, https:\/\/academy.cavaria.be\/wp-content\/uploads\/2020\/09\/iStock-857317792-768x533.jpg 768w, https:\/\/academy.cavaria.be\/wp-content\/uploads\/2020\/09\/iStock-857317792-1536x1065.jpg 1536w, https:\/\/academy.cavaria.be\/wp-content\/uploads\/2020\/09\/iStock-857317792-2048x1420.jpg 2048w, https:\/\/academy.cavaria.be\/wp-content\/uploads\/2020\/09\/iStock-857317792-400x277.jpg 400w, https:\/\/academy.cavaria.be\/wp-content\/uploads\/2020\/09\/iStock-857317792-600x416.jpg 600w\" sizes=\"(max-width: 1024px) 100vw, 1024px\" \/>\t\t\t\t\t\t\t\t\t\t\t\t\t\t\t<\/div>\n\t\t\t\t<\/div>\n\t\t\t\t\t<\/div>\n\t\t<\/div>\n\t\t\t\t<div class=\"elementor-column elementor-col-50 elementor-top-column elementor-element elementor-element-d72c8c8\" data-id=\"d72c8c8\" data-element_type=\"column\" data-e-type=\"column\" data-settings=\"{&quot;background_background&quot;:&quot;classic&quot;}\">\n\t\t\t<div class=\"elementor-widget-wrap elementor-element-populated\">\n\t\t\t\t\t\t<div class=\"elementor-element elementor-element-bdc285f elementor-widget elementor-widget-heading\" data-id=\"bdc285f\" data-element_type=\"widget\" data-e-type=\"widget\" data-widget_type=\"heading.default\">\n\t\t\t\t<div class=\"elementor-widget-container\">\n\t\t\t\t\t<h2 class=\"elementor-heading-title elementor-size-default\">KLIQ<\/h2>\t\t\t\t<\/div>\n\t\t\t\t<\/div>\n\t\t\t\t<div class=\"elementor-element elementor-element-379f4c5 elementor-widget elementor-widget-text-editor\" data-id=\"379f4c5\" data-element_type=\"widget\" data-e-type=\"widget\" data-widget_type=\"text-editor.default\">\n\t\t\t\t<div class=\"elementor-widget-container\">\n\t\t\t\t\t\t\t\t\t<p>Benvenuti nella pagina di e-learning di KliQ. In questa pagina puoi trovare vari moduli di e-learning che affrontano temi e contesti diversi relativi al genere e alla diversit\u00e0 sessuale. Si consiglia di iniziare con l&#8217;e-learning: <em>&#8220;L&#8217;ABC di SOGIE, tutto quello che c&#8217;\u00e8 da sapere su genere e diversit\u00e0 sessuale&#8221;<\/em>.<\/p>\n<p>Aggiungiamo regolarmente nuovi e-learning. Vuoi maggiori informazioni di base o vuoi richiedere una formazione? Allora \u00e8 meglio guardare kliqvzw.be<\/p>\n\t\t\t\t\t\t\t\t<\/div>\n\t\t\t\t<\/div>\n\t\t\t\t\t<\/div>\n\t\t<\/div>\n\t\t\t\t\t<\/div>\n\t\t<\/section>\n\t\t\t\t<\/div>\n\t\t","protected":false},"excerpt":{"rendered":"<p>Informazioni su KLIQ KLIQ \u00e8 il centro di istruzione e formazione di \u00e7avaria che lavora sul genere e la diversit\u00e0 sessuale. Puoi contattarci per formazione, guida alla traiettoria e webinar sul tema LGBTI. KLIQ Benvenuti nella pagina di e-learning di KliQ. In questa pagina puoi trovare vari moduli di e-learning che affrontano temi e contesti [&hellip;]<\/p>\n","protected":false},"author":1,"featured_media":0,"parent":0,"menu_order":0,"comment_status":"closed","ping_status":"closed","template":"","meta":{"site-sidebar-layout":"no-sidebar","site-content-layout":"page-builder","ast-site-content-layout":"default","site-content-style":"default","site-sidebar-style":"default","ast-global-header-display":"","ast-banner-title-visibility":"","ast-main-header-display":"","ast-hfb-above-header-display":"","ast-hfb-below-header-display":"","ast-hfb-mobile-header-display":"","site-post-title":"disabled","ast-breadcrumbs-content":"","ast-featured-img":"disabled","footer-sml-layout":"","ast-disable-related-posts":"","theme-transparent-header-meta":"enabled","adv-header-id-meta":"","stick-header-meta":"","header-above-stick-meta":"","header-main-stick-meta":"","header-below-stick-meta":"","astra-migrate-meta-layouts":"default","ast-page-background-enabled":"default","ast-page-background-meta":{"desktop":{"background-color":"","background-image":"","background-repeat":"repeat","background-position":"center center","background-size":"auto","background-attachment":"scroll","background-type":"","background-media":"","overlay-type":"","overlay-color":"","overlay-opacity":"","overlay-gradient":""},"tablet":{"background-color":"","background-image":"","background-repeat":"repeat","background-position":"center center","background-size":"auto","background-attachment":"scroll","background-type":"","background-media":"","overlay-type":"","overlay-color":"","overlay-opacity":"","overlay-gradient":""},"mobile":{"background-color":"","background-image":"","background-repeat":"repeat","background-position":"center center","background-size":"auto","background-attachment":"scroll","background-type":"","background-media":"","overlay-type":"","overlay-color":"","overlay-opacity":"","overlay-gradient":""}},"ast-content-background-meta":{"desktop":{"background-color":"var(--ast-global-color-5)","background-image":"","background-repeat":"repeat","background-position":"center center","background-size":"auto","background-attachment":"scroll","background-type":"","background-media":"","overlay-type":"","overlay-color":"","overlay-opacity":"","overlay-gradient":""},"tablet":{"background-color":"var(--ast-global-color-5)","background-image":"","background-repeat":"repeat","background-position":"center center","background-size":"auto","background-attachment":"scroll","background-type":"","background-media":"","overlay-type":"","overlay-color":"","overlay-opacity":"","overlay-gradient":""},"mobile":{"background-color":"var(--ast-global-color-5)","background-image":"","background-repeat":"repeat","background-position":"center center","background-size":"auto","background-attachment":"scroll","background-type":"","background-media":"","overlay-type":"","overlay-color":"","overlay-opacity":"","overlay-gradient":""}},"footnotes":""},"class_list":["post-44216","page","type-page","status-publish","hentry"],"_links":{"self":[{"href":"https:\/\/academy.cavaria.be\/it\/wp-json\/wp\/v2\/pages\/44216","targetHints":{"allow":["GET"]}}],"collection":[{"href":"https:\/\/academy.cavaria.be\/it\/wp-json\/wp\/v2\/pages"}],"about":[{"href":"https:\/\/academy.cavaria.be\/it\/wp-json\/wp\/v2\/types\/page"}],"author":[{"embeddable":true,"href":"https:\/\/academy.cavaria.be\/it\/wp-json\/wp\/v2\/users\/1"}],"replies":[{"embeddable":true,"href":"https:\/\/academy.cavaria.be\/it\/wp-json\/wp\/v2\/comments?post=44216"}],"version-history":[{"count":4,"href":"https:\/\/academy.cavaria.be\/it\/wp-json\/wp\/v2\/pages\/44216\/revisions"}],"predecessor-version":[{"id":44249,"href":"https:\/\/academy.cavaria.be\/it\/wp-json\/wp\/v2\/pages\/44216\/revisions\/44249"}],"wp:attachment":[{"href":"https:\/\/academy.cavaria.be\/it\/wp-json\/wp\/v2\/media?parent=44216"}],"curies":[{"name":"wp","href":"https:\/\/api.w.org\/{rel}","templated":true}]}}