{"id":34223,"date":"2018-12-07T12:51:06","date_gmt":"2018-12-07T12:51:06","guid":{"rendered":"http:\/\/kliqacademy.be\/all-courses\/"},"modified":"2023-05-04T15:36:12","modified_gmt":"2023-05-04T13:36:12","slug":"all-courses","status":"publish","type":"page","link":"https:\/\/academy.cavaria.be\/pl\/all-courses\/","title":{"rendered":"Wszystkie eLearningi"},"content":{"rendered":"\t\t<div data-elementor-type=\"wp-post\" data-elementor-id=\"34223\" class=\"elementor elementor-34223 elementor-201\" data-elementor-post-type=\"page\">\n\t\t\t\t\t\t<section class=\"elementor-section elementor-top-section elementor-element elementor-element-65ddfad3 elementor-section-boxed elementor-section-height-default elementor-section-height-default\" data-id=\"65ddfad3\" data-element_type=\"section\" data-e-type=\"section\" data-settings=\"{&quot;background_background&quot;:&quot;gradient&quot;}\">\n\t\t\t\t\t\t<div class=\"elementor-container elementor-column-gap-default\">\n\t\t\t\t\t<div class=\"elementor-column elementor-col-100 elementor-top-column elementor-element elementor-element-c947ffe\" data-id=\"c947ffe\" data-element_type=\"column\" data-e-type=\"column\">\n\t\t\t<div class=\"elementor-widget-wrap elementor-element-populated\">\n\t\t\t\t\t\t<div class=\"elementor-element elementor-element-35eed52 elementor-widget elementor-widget-image-box\" data-id=\"35eed52\" data-element_type=\"widget\" data-e-type=\"widget\" data-widget_type=\"image-box.default\">\n\t\t\t\t<div class=\"elementor-widget-container\">\n\t\t\t\t\t<div class=\"elementor-image-box-wrapper\"><div class=\"elementor-image-box-content\"><h1 class=\"elementor-image-box-title\">Wszystkie eLearningi<\/h1><p class=\"elementor-image-box-description\">Na tej stronie mo\u017cna znale\u017a\u0107 r\u00f3\u017cne modu\u0142y e-learningowe, z kt\u00f3rych ka\u017cdy dotyczy r\u00f3\u017cnych temat\u00f3w i kontekst\u00f3w zwi\u0105zanych z r\u00f3\u017cnorodno\u015bci\u0105 p\u0142ciow\u0105 i seksualn\u0105.<\/p><\/div><\/div>\t\t\t\t<\/div>\n\t\t\t\t<\/div>\n\t\t\t\t\t<\/div>\n\t\t<\/div>\n\t\t\t\t\t<\/div>\n\t\t<\/section>\n\t\t\t\t<section class=\"elementor-section elementor-top-section elementor-element elementor-element-dca64bc elementor-section-boxed elementor-section-height-default elementor-section-height-default\" data-id=\"dca64bc\" data-element_type=\"section\" data-e-type=\"section\">\n\t\t\t\t\t\t<div class=\"elementor-container elementor-column-gap-default\">\n\t\t\t\t\t<div class=\"elementor-column elementor-col-100 elementor-top-column elementor-element elementor-element-c89b13b\" data-id=\"c89b13b\" data-element_type=\"column\" data-e-type=\"column\">\n\t\t\t<div class=\"elementor-widget-wrap elementor-element-populated\">\n\t\t\t\t\t\t<div class=\"elementor-element elementor-element-f21573b elementor-widget elementor-widget-spacer\" data-id=\"f21573b\" data-element_type=\"widget\" data-e-type=\"widget\" data-widget_type=\"spacer.default\">\n\t\t\t\t<div class=\"elementor-widget-container\">\n\t\t\t\t\t\t\t<div class=\"elementor-spacer\">\n\t\t\t<div class=\"elementor-spacer-inner\"><\/div>\n\t\t<\/div>\n\t\t\t\t\t\t<\/div>\n\t\t\t\t<\/div>\n\t\t\t\t<div class=\"elementor-element elementor-element-783b64d elementor-widget elementor-widget-ld-course-list\" data-id=\"783b64d\" data-element_type=\"widget\" data-e-type=\"widget\" data-widget_type=\"ld-course-list.default\">\n\t\t\t\t<div class=\"elementor-widget-container\">\n\t\t\t\t\t<div id=\"ld-course-list-content-19b92d74a28d3647d480f66944985472\" class=\"ld-course-list-content\" data-shortcode-atts=\"{&quot;order&quot;:&quot;ASC&quot;,&quot;orderby&quot;:&quot;ID&quot;,&quot;course_grid&quot;:&quot;true&quot;,&quot;progress_bar&quot;:&quot;true&quot;,&quot;col&quot;:&quot;3&quot;,&quot;course_tag_id&quot;:&quot;117&quot;,&quot;course_categoryselector&quot;:&quot;&quot;,&quot;categoryselector&quot;:&quot;&quot;}\">\n\t\t\t<div class=\"ld-course-list-items row\">\n\t<!-- LearnDash Course Grid v1 --><div class=\"ld_course_grid col-sm-8 col-md-4 \">\n\t<article id=\"post-38845\" class=\" thumbnail course post-38845 sfwd-courses type-sfwd-courses status-publish has-post-thumbnail hentry ld_course_tag-live-pl\">\n\t\t\t\t\t\t\t\t<div class=\"ribbon free\">\n\t\t\t\tBezp\u0142atne\t\t\t<\/div>\n\t\t\t\n\t\t\t\t\t\t<a\n\t\t\t\taria-hidden=\"true\"\n\t\t\t\thref=\"https:\/\/academy.cavaria.be\/pl\/e-learnings\/lets-go-by-talking-pl\/\"\n\t\t\t\ttabindex=\"-1\"\n\t\t\t>\n\t\t\t\t<img fetchpriority=\"high\" decoding=\"async\" width=\"300\" height=\"284\" src=\"https:\/\/academy.cavaria.be\/wp-content\/uploads\/2021\/04\/logoLGBT-1-300x284.png\" class=\"attachment-medium size-medium wp-post-image\" alt=\"Let&#8217;s Go By Talking (PL)\" srcset=\"https:\/\/academy.cavaria.be\/wp-content\/uploads\/2021\/04\/logoLGBT-1-300x284.png 300w, https:\/\/academy.cavaria.be\/wp-content\/uploads\/2021\/04\/logoLGBT-1-317x300.png 317w, https:\/\/academy.cavaria.be\/wp-content\/uploads\/2021\/04\/logoLGBT-1.png 370w\" sizes=\"(max-width: 300px) 100vw, 300px\" \/>\t\t\t<\/a>\n\t\t\t\t\t\n\t\t\t\t\t<div class=\"caption\">\n\t\t\t\t<h3 class=\"entry-title\">Let&#8217;s Go By Talking (PL)<\/h3>\n\t\t\t\t\t\t\t\t<div class=\"entry-content\"><p>Witamy na e-kursie dotycz\u0105cym u\u017cywania sprawiedliwo\u015bci naprawczej w kontek\u015bcie przest\u0119pstw z nienawi\u015bci wobec os\u00f3b LGBT! Po zako\u0144czeniu szkolenia b\u0119dziesz wiedzie\u0107, jak podej\u015bcie naprawcze mo\u017cna stosowa\u0107 w przypadku ofiar przest\u0119pstw z nienawi\u015bci wobec os\u00f3b LGBT.<\/p>\n<\/div>\n\t\t\t\t\t\t\t\t<div class=\"ld_course_grid_button\">\n\t\t\t\t\t<a\n\t\t\t\t\t\taria-label=\"Kontynuuj nauk\u0119: Let&#8217;s Go By Talking (PL)\"\n\t\t\t\t\t\tclass=\"btn btn-primary\"\n\t\t\t\t\t\thref=\"https:\/\/academy.cavaria.be\/pl\/e-learnings\/lets-go-by-talking-pl\/\"\n\t\t\t\t\t>\n\t\t\t\t\t\tKontynuuj nauk\u0119\t\t\t\t\t<\/a>\n\t\t\t\t<\/div>\n\t\t\t\t\t\t\t\t\t\t\t\t\t\t\t\t\t\t\t\t\t\t\t\t\t\t\t<\/div><!-- .entry-header -->\n\t\t\t<\/article><!-- #post-## -->\n<\/div><!-- .ld_course_grid -->\n\t<\/div>\n\t\t\t<\/div>\n\t\t\t\t\t\t<\/div>\n\t\t\t\t<\/div>\n\t\t\t\t\t<\/div>\n\t\t<\/div>\n\t\t\t\t\t<\/div>\n\t\t<\/section>\n\t\t\t\t<\/div>\n\t\t","protected":false},"excerpt":{"rendered":"<p>Wszystkie eLearningi Na tej stronie mo\u017cna znale\u017a\u0107 r\u00f3\u017cne modu\u0142y e-learningowe, z kt\u00f3rych ka\u017cdy dotyczy r\u00f3\u017cnych temat\u00f3w i kontekst\u00f3w zwi\u0105zanych z r\u00f3\u017cnorodno\u015bci\u0105 p\u0142ciow\u0105 i seksualn\u0105.<\/p>\n","protected":false},"author":1,"featured_media":0,"parent":0,"menu_order":0,"comment_status":"closed","ping_status":"closed","template":"","meta":{"site-sidebar-layout":"no-sidebar","site-content-layout":"page-builder","ast-site-content-layout":"default","site-content-style":"default","site-sidebar-style":"default","ast-global-header-display":"","ast-banner-title-visibility":"","ast-main-header-display":"","ast-hfb-above-header-display":"","ast-hfb-below-header-display":"","ast-hfb-mobile-header-display":"","site-post-title":"disabled","ast-breadcrumbs-content":"","ast-featured-img":"disabled","footer-sml-layout":"","ast-disable-related-posts":"","theme-transparent-header-meta":"enabled","adv-header-id-meta":"","stick-header-meta":"","header-above-stick-meta":"","header-main-stick-meta":"","header-below-stick-meta":"","astra-migrate-meta-layouts":"default","ast-page-background-enabled":"default","ast-page-background-meta":{"desktop":{"background-color":"","background-image":"","background-repeat":"repeat","background-position":"center center","background-size":"auto","background-attachment":"scroll","background-type":"","background-media":"","overlay-type":"","overlay-color":"","overlay-opacity":"","overlay-gradient":""},"tablet":{"background-color":"","background-image":"","background-repeat":"repeat","background-position":"center center","background-size":"auto","background-attachment":"scroll","background-type":"","background-media":"","overlay-type":"","overlay-color":"","overlay-opacity":"","overlay-gradient":""},"mobile":{"background-color":"","background-image":"","background-repeat":"repeat","background-position":"center center","background-size":"auto","background-attachment":"scroll","background-type":"","background-media":"","overlay-type":"","overlay-color":"","overlay-opacity":"","overlay-gradient":""}},"ast-content-background-meta":{"desktop":{"background-color":"var(--ast-global-color-5)","background-image":"","background-repeat":"repeat","background-position":"center center","background-size":"auto","background-attachment":"scroll","background-type":"","background-media":"","overlay-type":"","overlay-color":"","overlay-opacity":"","overlay-gradient":""},"tablet":{"background-color":"var(--ast-global-color-5)","background-image":"","background-repeat":"repeat","background-position":"center center","background-size":"auto","background-attachment":"scroll","background-type":"","background-media":"","overlay-type":"","overlay-color":"","overlay-opacity":"","overlay-gradient":""},"mobile":{"background-color":"var(--ast-global-color-5)","background-image":"","background-repeat":"repeat","background-position":"center center","background-size":"auto","background-attachment":"scroll","background-type":"","background-media":"","overlay-type":"","overlay-color":"","overlay-opacity":"","overlay-gradient":""}},"footnotes":""},"class_list":["post-34223","page","type-page","status-publish","hentry"],"_links":{"self":[{"href":"https:\/\/academy.cavaria.be\/pl\/wp-json\/wp\/v2\/pages\/34223","targetHints":{"allow":["GET"]}}],"collection":[{"href":"https:\/\/academy.cavaria.be\/pl\/wp-json\/wp\/v2\/pages"}],"about":[{"href":"https:\/\/academy.cavaria.be\/pl\/wp-json\/wp\/v2\/types\/page"}],"author":[{"embeddable":true,"href":"https:\/\/academy.cavaria.be\/pl\/wp-json\/wp\/v2\/users\/1"}],"replies":[{"embeddable":true,"href":"https:\/\/academy.cavaria.be\/pl\/wp-json\/wp\/v2\/comments?post=34223"}],"version-history":[{"count":24,"href":"https:\/\/academy.cavaria.be\/pl\/wp-json\/wp\/v2\/pages\/34223\/revisions"}],"predecessor-version":[{"id":44142,"href":"https:\/\/academy.cavaria.be\/pl\/wp-json\/wp\/v2\/pages\/34223\/revisions\/44142"}],"wp:attachment":[{"href":"https:\/\/academy.cavaria.be\/pl\/wp-json\/wp\/v2\/media?parent=34223"}],"curies":[{"name":"wp","href":"https:\/\/api.w.org\/{rel}","templated":true}]}}