{"id":34224,"date":"2018-12-07T12:51:06","date_gmt":"2018-12-07T12:51:06","guid":{"rendered":"http:\/\/kliqacademy.be\/all-courses\/"},"modified":"2023-05-04T15:35:30","modified_gmt":"2023-05-04T13:35:30","slug":"all-courses","status":"publish","type":"page","link":"https:\/\/academy.cavaria.be\/pt-pt\/all-courses\/","title":{"rendered":"Todos os eLearnings"},"content":{"rendered":"\t\t<div data-elementor-type=\"wp-post\" data-elementor-id=\"34224\" class=\"elementor elementor-34224 elementor-201\" data-elementor-post-type=\"page\">\n\t\t\t\t\t\t<section class=\"elementor-section elementor-top-section elementor-element elementor-element-65ddfad3 elementor-section-boxed elementor-section-height-default elementor-section-height-default\" data-id=\"65ddfad3\" data-element_type=\"section\" data-e-type=\"section\" data-settings=\"{&quot;background_background&quot;:&quot;gradient&quot;}\">\n\t\t\t\t\t\t<div class=\"elementor-container elementor-column-gap-default\">\n\t\t\t\t\t<div class=\"elementor-column elementor-col-100 elementor-top-column elementor-element elementor-element-c947ffe\" data-id=\"c947ffe\" data-element_type=\"column\" data-e-type=\"column\">\n\t\t\t<div class=\"elementor-widget-wrap elementor-element-populated\">\n\t\t\t\t\t\t<div class=\"elementor-element elementor-element-35eed52 elementor-widget elementor-widget-image-box\" data-id=\"35eed52\" data-element_type=\"widget\" data-e-type=\"widget\" data-widget_type=\"image-box.default\">\n\t\t\t\t<div class=\"elementor-widget-container\">\n\t\t\t\t\t<div class=\"elementor-image-box-wrapper\"><div class=\"elementor-image-box-content\"><h1 class=\"elementor-image-box-title\">Todos os eLearnings<\/h1><p class=\"elementor-image-box-description\">Nesta p\u00e1gina voc\u00ea pode encontrar v\u00e1rios m\u00f3dulos de e-learning, cada um lidando com diferentes temas e contextos em torno de g\u00eanero e diversidade sexual.<\/p><\/div><\/div>\t\t\t\t<\/div>\n\t\t\t\t<\/div>\n\t\t\t\t\t<\/div>\n\t\t<\/div>\n\t\t\t\t\t<\/div>\n\t\t<\/section>\n\t\t\t\t<section class=\"elementor-section elementor-top-section elementor-element elementor-element-dca64bc elementor-section-boxed elementor-section-height-default elementor-section-height-default\" data-id=\"dca64bc\" data-element_type=\"section\" data-e-type=\"section\">\n\t\t\t\t\t\t<div class=\"elementor-container elementor-column-gap-default\">\n\t\t\t\t\t<div class=\"elementor-column elementor-col-100 elementor-top-column elementor-element elementor-element-c89b13b\" data-id=\"c89b13b\" data-element_type=\"column\" data-e-type=\"column\">\n\t\t\t<div class=\"elementor-widget-wrap elementor-element-populated\">\n\t\t\t\t\t\t<div class=\"elementor-element elementor-element-f21573b elementor-widget elementor-widget-spacer\" data-id=\"f21573b\" data-element_type=\"widget\" data-e-type=\"widget\" data-widget_type=\"spacer.default\">\n\t\t\t\t<div class=\"elementor-widget-container\">\n\t\t\t\t\t\t\t<div class=\"elementor-spacer\">\n\t\t\t<div class=\"elementor-spacer-inner\"><\/div>\n\t\t<\/div>\n\t\t\t\t\t\t<\/div>\n\t\t\t\t<\/div>\n\t\t\t\t<div class=\"elementor-element elementor-element-783b64d elementor-widget elementor-widget-ld-course-list\" data-id=\"783b64d\" data-element_type=\"widget\" data-e-type=\"widget\" data-widget_type=\"ld-course-list.default\">\n\t\t\t\t<div class=\"elementor-widget-container\">\n\t\t\t\t\t<div id=\"ld-course-list-content-19b92d74a28d3647d480f66944985472\" class=\"ld-course-list-content\" data-shortcode-atts=\"{&quot;order&quot;:&quot;ASC&quot;,&quot;orderby&quot;:&quot;ID&quot;,&quot;course_grid&quot;:&quot;true&quot;,&quot;progress_bar&quot;:&quot;true&quot;,&quot;col&quot;:&quot;3&quot;,&quot;course_tag_id&quot;:&quot;117&quot;,&quot;course_categoryselector&quot;:&quot;&quot;,&quot;categoryselector&quot;:&quot;&quot;}\">\n\t\t\t<div class=\"ld-course-list-items row\">\n\t<!-- LearnDash Course Grid v1 --><div class=\"ld_course_grid col-sm-8 col-md-4 \">\n\t<article id=\"post-37757\" class=\" thumbnail course post-37757 sfwd-courses type-sfwd-courses status-publish has-post-thumbnail hentry ld_course_category-sot-pt-pt ld_course_tag-live-pt-pt\">\n\t\t\t\t\t\t\t\t<div class=\"ribbon free\">\n\t\t\t\tFree\t\t\t<\/div>\n\t\t\t\n\t\t\t\t\t\t<a\n\t\t\t\taria-hidden=\"true\"\n\t\t\t\thref=\"https:\/\/academy.cavaria.be\/pt-pt\/e-learnings\/sot-e-learning-lgbti-101-pt\/\"\n\t\t\t\ttabindex=\"-1\"\n\t\t\t>\n\t\t\t\t<img fetchpriority=\"high\" decoding=\"async\" width=\"300\" height=\"169\" src=\"https:\/\/academy.cavaria.be\/wp-content\/uploads\/2021\/06\/Schools-Out-Logo-JPEG-300x169.jpg\" class=\"attachment-medium size-medium wp-post-image\" alt=\"SOT \u2013 GUI\u00c3O E-LEARNING B\u00ca-\u00c1-B\u00c1 LGBTI (PT)\" srcset=\"https:\/\/academy.cavaria.be\/wp-content\/uploads\/2021\/06\/Schools-Out-Logo-JPEG-300x169.jpg 300w, https:\/\/academy.cavaria.be\/wp-content\/uploads\/2021\/06\/Schools-Out-Logo-JPEG-1024x576.jpg 1024w, https:\/\/academy.cavaria.be\/wp-content\/uploads\/2021\/06\/Schools-Out-Logo-JPEG-768x432.jpg 768w, https:\/\/academy.cavaria.be\/wp-content\/uploads\/2021\/06\/Schools-Out-Logo-JPEG-1536x864.jpg 1536w, https:\/\/academy.cavaria.be\/wp-content\/uploads\/2021\/06\/Schools-Out-Logo-JPEG-400x225.jpg 400w, https:\/\/academy.cavaria.be\/wp-content\/uploads\/2021\/06\/Schools-Out-Logo-JPEG-600x338.jpg 600w, https:\/\/academy.cavaria.be\/wp-content\/uploads\/2021\/06\/Schools-Out-Logo-JPEG.jpg 1920w\" sizes=\"(max-width: 300px) 100vw, 300px\" \/>\t\t\t<\/a>\n\t\t\t\t\t\n\t\t\t\t\t<div class=\"caption\">\n\t\t\t\t<h3 class=\"entry-title\">SOT \u2013 GUI\u00c3O E-LEARNING B\u00ca-\u00c1-B\u00c1 LGBTI (PT)<\/h3>\n\t\t\t\t\t\t\t\t<div class=\"ld_course_grid_button\">\n\t\t\t\t\t<a\n\t\t\t\t\t\taria-label=\"Continue Study: SOT \u2013 GUI\u00c3O E-LEARNING B\u00ca-\u00c1-B\u00c1 LGBTI (PT)\"\n\t\t\t\t\t\tclass=\"btn btn-primary\"\n\t\t\t\t\t\thref=\"https:\/\/academy.cavaria.be\/pt-pt\/e-learnings\/sot-e-learning-lgbti-101-pt\/\"\n\t\t\t\t\t>\n\t\t\t\t\t\tContinue Study\t\t\t\t\t<\/a>\n\t\t\t\t<\/div>\n\t\t\t\t\t\t\t\t\t\t\t\t\t\t\t\t\t\t\t\t\t\t\t\t\t\t\t<\/div><!-- .entry-header -->\n\t\t\t<\/article><!-- #post-## -->\n<\/div><!-- .ld_course_grid -->\n<!-- LearnDash Course Grid v1 --><div class=\"ld_course_grid col-sm-8 col-md-4 \">\n\t<article id=\"post-37948\" class=\" thumbnail course post-37948 sfwd-courses type-sfwd-courses status-publish has-post-thumbnail hentry ld_course_category-sot-pt-pt ld_course_tag-live-pt-pt\">\n\t\t\t\t\t\t\t\t<div class=\"ribbon free\">\n\t\t\t\tFree\t\t\t<\/div>\n\t\t\t\n\t\t\t\t\t\t<a\n\t\t\t\taria-hidden=\"true\"\n\t\t\t\thref=\"https:\/\/academy.cavaria.be\/pt-pt\/e-learnings\/sot-e-learning-how-to-include-lgbti-topics-in-your-classes-pt\/\"\n\t\t\t\ttabindex=\"-1\"\n\t\t\t>\n\t\t\t\t<img decoding=\"async\" width=\"300\" height=\"169\" src=\"https:\/\/academy.cavaria.be\/wp-content\/uploads\/2021\/06\/Schools-Out-Logo-JPEG-300x169.jpg\" class=\"attachment-medium size-medium wp-post-image\" alt=\"SOT \u2013 GUI\u00c3O E-LEARNING T\u00d3PICOS LGBTI+, DIFEREN\u00c7AS CULTURAIS E RELIGI\u00c3O (PT)\" srcset=\"https:\/\/academy.cavaria.be\/wp-content\/uploads\/2021\/06\/Schools-Out-Logo-JPEG-300x169.jpg 300w, https:\/\/academy.cavaria.be\/wp-content\/uploads\/2021\/06\/Schools-Out-Logo-JPEG-1024x576.jpg 1024w, https:\/\/academy.cavaria.be\/wp-content\/uploads\/2021\/06\/Schools-Out-Logo-JPEG-768x432.jpg 768w, https:\/\/academy.cavaria.be\/wp-content\/uploads\/2021\/06\/Schools-Out-Logo-JPEG-1536x864.jpg 1536w, https:\/\/academy.cavaria.be\/wp-content\/uploads\/2021\/06\/Schools-Out-Logo-JPEG-400x225.jpg 400w, https:\/\/academy.cavaria.be\/wp-content\/uploads\/2021\/06\/Schools-Out-Logo-JPEG-600x338.jpg 600w, https:\/\/academy.cavaria.be\/wp-content\/uploads\/2021\/06\/Schools-Out-Logo-JPEG.jpg 1920w\" sizes=\"(max-width: 300px) 100vw, 300px\" \/>\t\t\t<\/a>\n\t\t\t\t\t\n\t\t\t\t\t<div class=\"caption\">\n\t\t\t\t<h3 class=\"entry-title\">SOT \u2013 GUI\u00c3O E-LEARNING T\u00d3PICOS LGBTI+, DIFEREN\u00c7AS CULTURAIS E RELIGI\u00c3O (PT)<\/h3>\n\t\t\t\t\t\t\t\t<div class=\"ld_course_grid_button\">\n\t\t\t\t\t<a\n\t\t\t\t\t\taria-label=\"Continue Study: SOT \u2013 GUI\u00c3O E-LEARNING T\u00d3PICOS LGBTI+, DIFEREN\u00c7AS CULTURAIS E RELIGI\u00c3O (PT)\"\n\t\t\t\t\t\tclass=\"btn btn-primary\"\n\t\t\t\t\t\thref=\"https:\/\/academy.cavaria.be\/pt-pt\/e-learnings\/sot-e-learning-how-to-include-lgbti-topics-in-your-classes-pt\/\"\n\t\t\t\t\t>\n\t\t\t\t\t\tContinue Study\t\t\t\t\t<\/a>\n\t\t\t\t<\/div>\n\t\t\t\t\t\t\t\t\t\t\t\t\t\t\t\t\t\t\t\t\t\t\t\t\t\t\t<\/div><!-- .entry-header -->\n\t\t\t<\/article><!-- #post-## -->\n<\/div><!-- .ld_course_grid -->\n<!-- LearnDash Course Grid v1 --><div class=\"ld_course_grid col-sm-8 col-md-4 \">\n\t<article id=\"post-42579\" class=\" thumbnail course post-42579 sfwd-courses type-sfwd-courses status-publish has-post-thumbnail hentry ld_course_tag-live-pt-pt\">\n\t\t\t\t\t\t\t\t<div class=\"ribbon free\">\n\t\t\t\tFree\t\t\t<\/div>\n\t\t\t\n\t\t\t\t\t\t<a\n\t\t\t\taria-hidden=\"true\"\n\t\t\t\thref=\"https:\/\/academy.cavaria.be\/pt-pt\/e-learnings\/prevent-pt\/\"\n\t\t\t\ttabindex=\"-1\"\n\t\t\t>\n\t\t\t\t<img decoding=\"async\" width=\"300\" height=\"66\" src=\"https:\/\/academy.cavaria.be\/wp-content\/uploads\/2021\/09\/PREVENTlogo-300x66.png\" class=\"attachment-medium size-medium wp-post-image\" alt=\"PREVENT (PT)\" srcset=\"https:\/\/academy.cavaria.be\/wp-content\/uploads\/2021\/09\/PREVENTlogo-300x66.png 300w, https:\/\/academy.cavaria.be\/wp-content\/uploads\/2021\/09\/PREVENTlogo-400x89.png 400w, https:\/\/academy.cavaria.be\/wp-content\/uploads\/2021\/09\/PREVENTlogo.png 546w\" sizes=\"(max-width: 300px) 100vw, 300px\" \/>\t\t\t<\/a>\n\t\t\t\t\t\n\t\t\t\t\t<div class=\"caption\">\n\t\t\t\t<h3 class=\"entry-title\">PREVENT (PT)<\/h3>\n\t\t\t\t\t\t\t\t<div class=\"entry-content\"><p>Este e-learning fornecer\u00e1 algumas informa\u00e7\u00f5es relacionadas \u00e0 diversidade e inclus\u00e3o.<\/p>\n<\/div>\n\t\t\t\t\t\t\t\t<div class=\"ld_course_grid_button\">\n\t\t\t\t\t<a\n\t\t\t\t\t\taria-label=\"Continue Study: PREVENT (PT)\"\n\t\t\t\t\t\tclass=\"btn btn-primary\"\n\t\t\t\t\t\thref=\"https:\/\/academy.cavaria.be\/pt-pt\/e-learnings\/prevent-pt\/\"\n\t\t\t\t\t>\n\t\t\t\t\t\tContinue Study\t\t\t\t\t<\/a>\n\t\t\t\t<\/div>\n\t\t\t\t\t\t\t\t\t\t\t\t\t\t\t\t\t\t\t\t\t\t\t\t\t\t\t<\/div><!-- .entry-header -->\n\t\t\t<\/article><!-- #post-## -->\n<\/div><!-- .ld_course_grid -->\n\t<\/div>\n\t\t\t<\/div>\n\t\t\t\t\t\t<\/div>\n\t\t\t\t<\/div>\n\t\t\t\t\t<\/div>\n\t\t<\/div>\n\t\t\t\t\t<\/div>\n\t\t<\/section>\n\t\t\t\t<\/div>\n\t\t","protected":false},"excerpt":{"rendered":"<p>Todos os eLearnings Nesta p\u00e1gina voc\u00ea pode encontrar v\u00e1rios m\u00f3dulos de e-learning, cada um lidando com diferentes temas e contextos em torno de g\u00eanero e diversidade sexual.<\/p>\n","protected":false},"author":1,"featured_media":0,"parent":0,"menu_order":0,"comment_status":"closed","ping_status":"closed","template":"","meta":{"site-sidebar-layout":"no-sidebar","site-content-layout":"page-builder","ast-site-content-layout":"default","site-content-style":"default","site-sidebar-style":"default","ast-global-header-display":"","ast-banner-title-visibility":"","ast-main-header-display":"","ast-hfb-above-header-display":"","ast-hfb-below-header-display":"","ast-hfb-mobile-header-display":"","site-post-title":"disabled","ast-breadcrumbs-content":"","ast-featured-img":"disabled","footer-sml-layout":"","ast-disable-related-posts":"","theme-transparent-header-meta":"enabled","adv-header-id-meta":"","stick-header-meta":"","header-above-stick-meta":"","header-main-stick-meta":"","header-below-stick-meta":"","astra-migrate-meta-layouts":"default","ast-page-background-enabled":"default","ast-page-background-meta":{"desktop":{"background-color":"","background-image":"","background-repeat":"repeat","background-position":"center center","background-size":"auto","background-attachment":"scroll","background-type":"","background-media":"","overlay-type":"","overlay-color":"","overlay-opacity":"","overlay-gradient":""},"tablet":{"background-color":"","background-image":"","background-repeat":"repeat","background-position":"center center","background-size":"auto","background-attachment":"scroll","background-type":"","background-media":"","overlay-type":"","overlay-color":"","overlay-opacity":"","overlay-gradient":""},"mobile":{"background-color":"","background-image":"","background-repeat":"repeat","background-position":"center center","background-size":"auto","background-attachment":"scroll","background-type":"","background-media":"","overlay-type":"","overlay-color":"","overlay-opacity":"","overlay-gradient":""}},"ast-content-background-meta":{"desktop":{"background-color":"var(--ast-global-color-5)","background-image":"","background-repeat":"repeat","background-position":"center center","background-size":"auto","background-attachment":"scroll","background-type":"","background-media":"","overlay-type":"","overlay-color":"","overlay-opacity":"","overlay-gradient":""},"tablet":{"background-color":"var(--ast-global-color-5)","background-image":"","background-repeat":"repeat","background-position":"center center","background-size":"auto","background-attachment":"scroll","background-type":"","background-media":"","overlay-type":"","overlay-color":"","overlay-opacity":"","overlay-gradient":""},"mobile":{"background-color":"var(--ast-global-color-5)","background-image":"","background-repeat":"repeat","background-position":"center center","background-size":"auto","background-attachment":"scroll","background-type":"","background-media":"","overlay-type":"","overlay-color":"","overlay-opacity":"","overlay-gradient":""}},"footnotes":""},"class_list":["post-34224","page","type-page","status-publish","hentry"],"_links":{"self":[{"href":"https:\/\/academy.cavaria.be\/pt-pt\/wp-json\/wp\/v2\/pages\/34224","targetHints":{"allow":["GET"]}}],"collection":[{"href":"https:\/\/academy.cavaria.be\/pt-pt\/wp-json\/wp\/v2\/pages"}],"about":[{"href":"https:\/\/academy.cavaria.be\/pt-pt\/wp-json\/wp\/v2\/types\/page"}],"author":[{"embeddable":true,"href":"https:\/\/academy.cavaria.be\/pt-pt\/wp-json\/wp\/v2\/users\/1"}],"replies":[{"embeddable":true,"href":"https:\/\/academy.cavaria.be\/pt-pt\/wp-json\/wp\/v2\/comments?post=34224"}],"version-history":[{"count":24,"href":"https:\/\/academy.cavaria.be\/pt-pt\/wp-json\/wp\/v2\/pages\/34224\/revisions"}],"predecessor-version":[{"id":44140,"href":"https:\/\/academy.cavaria.be\/pt-pt\/wp-json\/wp\/v2\/pages\/34224\/revisions\/44140"}],"wp:attachment":[{"href":"https:\/\/academy.cavaria.be\/pt-pt\/wp-json\/wp\/v2\/media?parent=34224"}],"curies":[{"name":"wp","href":"https:\/\/api.w.org\/{rel}","templated":true}]}}