{"id":44199,"date":"2023-05-04T16:15:47","date_gmt":"2023-05-04T14:15:47","guid":{"rendered":"https:\/\/kliqacademy.be\/home\/"},"modified":"2025-12-04T16:38:58","modified_gmt":"2025-12-04T15:38:58","slug":"home","status":"publish","type":"page","link":"https:\/\/academy.cavaria.be\/pt-pt\/","title":{"rendered":"Home"},"content":{"rendered":"\t\t<div data-elementor-type=\"wp-post\" data-elementor-id=\"44199\" class=\"elementor elementor-44199 elementor-24938\" data-elementor-post-type=\"page\">\n\t\t\t\t\t\t<section class=\"elementor-section elementor-top-section elementor-element elementor-element-53d02b5a elementor-section-boxed elementor-section-height-default elementor-section-height-default\" data-id=\"53d02b5a\" data-element_type=\"section\" data-e-type=\"section\" data-settings=\"{&quot;background_background&quot;:&quot;classic&quot;}\">\n\t\t\t\t\t\t\t<div class=\"elementor-background-overlay\"><\/div>\n\t\t\t\t\t\t\t<div class=\"elementor-container elementor-column-gap-default\">\n\t\t\t\t\t<div class=\"elementor-column elementor-col-100 elementor-top-column elementor-element elementor-element-155c094d\" data-id=\"155c094d\" data-element_type=\"column\" data-e-type=\"column\">\n\t\t\t<div class=\"elementor-widget-wrap elementor-element-populated\">\n\t\t\t\t\t\t<div class=\"elementor-element elementor-element-75de0c89 elementor-widget elementor-widget-image-box\" data-id=\"75de0c89\" data-element_type=\"widget\" data-e-type=\"widget\" data-widget_type=\"image-box.default\">\n\t\t\t\t<div class=\"elementor-widget-container\">\n\t\t\t\t\t<div class=\"elementor-image-box-wrapper\"><div class=\"elementor-image-box-content\"><h1 class=\"elementor-image-box-title\">\u00e7avaria Academy<\/h1><p class=\"elementor-image-box-description\">Bem-vindo \u00e0 p\u00e1gina de e-learning da KLIQ. Nesta p\u00e1gina voc\u00ea pode encontrar v\u00e1rios m\u00f3dulos de e-learning, cada um lidando com diferentes temas e contextos em torno de g\u00eanero e diversidade sexual. Recomenda-se come\u00e7ar com o e-learning: \u201cO ABC da SOGIE, tudo o que voc\u00ea precisa saber sobre g\u00eanero e diversidade sexual\u201d. Adicionamos novos e-learnings regularmente. Deseja obter mais informa\u00e7\u00f5es b\u00e1sicas ou deseja solicitar um treinamento? Ent\u00e3o voc\u00ea deve olhar para <a href=\"https:\/\/kliqvzw.be\" target=\"_blank\">www.kliqvzw.be<\/a>.<\/p><\/div><\/div>\t\t\t\t<\/div>\n\t\t\t\t<\/div>\n\t\t\t\t<div class=\"elementor-element elementor-element-1213f093 elementor-align-center elementor-mobile-align-center elementor-widget elementor-widget-button\" data-id=\"1213f093\" data-element_type=\"widget\" data-e-type=\"widget\" data-widget_type=\"button.default\">\n\t\t\t\t<div class=\"elementor-widget-container\">\n\t\t\t\t\t\t\t\t\t<div class=\"elementor-button-wrapper\">\n\t\t\t\t\t<a class=\"elementor-button elementor-button-link elementor-size-lg\" href=\"https:\/\/kliqacademy.be\/pt-pt\/all-courses\/\">\n\t\t\t\t\t\t<span class=\"elementor-button-content-wrapper\">\n\t\t\t\t\t\t\t\t\t<span class=\"elementor-button-text\">Veja todos os e-learnings<\/span>\n\t\t\t\t\t<\/span>\n\t\t\t\t\t<\/a>\n\t\t\t\t<\/div>\n\t\t\t\t\t\t\t\t<\/div>\n\t\t\t\t<\/div>\n\t\t\t\t\t<\/div>\n\t\t<\/div>\n\t\t\t\t\t<\/div>\n\t\t<\/section>\n\t\t\t\t<section class=\"elementor-section elementor-top-section elementor-element elementor-element-1e537621 elementor-section-boxed elementor-section-height-default elementor-section-height-default\" data-id=\"1e537621\" data-element_type=\"section\" data-e-type=\"section\" data-settings=\"{&quot;background_background&quot;:&quot;classic&quot;}\">\n\t\t\t\t\t\t<div class=\"elementor-container elementor-column-gap-default\">\n\t\t\t\t\t<div class=\"elementor-column elementor-col-100 elementor-top-column elementor-element elementor-element-259f3103\" data-id=\"259f3103\" data-element_type=\"column\" data-e-type=\"column\">\n\t\t\t<div class=\"elementor-widget-wrap\">\n\t\t\t\t\t\t\t<\/div>\n\t\t<\/div>\n\t\t\t\t\t<\/div>\n\t\t<\/section>\n\t\t\t\t<\/div>\n\t\t","protected":false},"excerpt":{"rendered":"<p>\u00e7avaria Academy Bem-vindo \u00e0 p\u00e1gina de e-learning da KLIQ. Nesta p\u00e1gina voc\u00ea pode encontrar v\u00e1rios m\u00f3dulos de e-learning, cada um lidando com diferentes temas e contextos em torno de g\u00eanero e diversidade sexual. Recomenda-se come\u00e7ar com o e-learning: \u201cO ABC da SOGIE, tudo o que voc\u00ea precisa saber sobre g\u00eanero e diversidade sexual\u201d. Adicionamos novos [&hellip;]<\/p>\n","protected":false},"author":1,"featured_media":0,"parent":0,"menu_order":0,"comment_status":"closed","ping_status":"closed","template":"","meta":{"site-sidebar-layout":"no-sidebar","site-content-layout":"page-builder","ast-site-content-layout":"default","site-content-style":"default","site-sidebar-style":"default","ast-global-header-display":"","ast-banner-title-visibility":"","ast-main-header-display":"","ast-hfb-above-header-display":"","ast-hfb-below-header-display":"","ast-hfb-mobile-header-display":"","site-post-title":"disabled","ast-breadcrumbs-content":"","ast-featured-img":"disabled","footer-sml-layout":"","ast-disable-related-posts":"","theme-transparent-header-meta":"enabled","adv-header-id-meta":"","stick-header-meta":"","header-above-stick-meta":"","header-main-stick-meta":"","header-below-stick-meta":"","astra-migrate-meta-layouts":"default","ast-page-background-enabled":"default","ast-page-background-meta":{"desktop":{"background-color":"","background-image":"","background-repeat":"repeat","background-position":"center center","background-size":"auto","background-attachment":"scroll","background-type":"","background-media":"","overlay-type":"","overlay-color":"","overlay-opacity":"","overlay-gradient":""},"tablet":{"background-color":"","background-image":"","background-repeat":"repeat","background-position":"center center","background-size":"auto","background-attachment":"scroll","background-type":"","background-media":"","overlay-type":"","overlay-color":"","overlay-opacity":"","overlay-gradient":""},"mobile":{"background-color":"","background-image":"","background-repeat":"repeat","background-position":"center center","background-size":"auto","background-attachment":"scroll","background-type":"","background-media":"","overlay-type":"","overlay-color":"","overlay-opacity":"","overlay-gradient":""}},"ast-content-background-meta":{"desktop":{"background-color":"var(--ast-global-color-5)","background-image":"","background-repeat":"repeat","background-position":"center center","background-size":"auto","background-attachment":"scroll","background-type":"","background-media":"","overlay-type":"","overlay-color":"","overlay-opacity":"","overlay-gradient":""},"tablet":{"background-color":"var(--ast-global-color-5)","background-image":"","background-repeat":"repeat","background-position":"center center","background-size":"auto","background-attachment":"scroll","background-type":"","background-media":"","overlay-type":"","overlay-color":"","overlay-opacity":"","overlay-gradient":""},"mobile":{"background-color":"var(--ast-global-color-5)","background-image":"","background-repeat":"repeat","background-position":"center center","background-size":"auto","background-attachment":"scroll","background-type":"","background-media":"","overlay-type":"","overlay-color":"","overlay-opacity":"","overlay-gradient":""}},"footnotes":""},"class_list":["post-44199","page","type-page","status-publish","hentry"],"_links":{"self":[{"href":"https:\/\/academy.cavaria.be\/pt-pt\/wp-json\/wp\/v2\/pages\/44199","targetHints":{"allow":["GET"]}}],"collection":[{"href":"https:\/\/academy.cavaria.be\/pt-pt\/wp-json\/wp\/v2\/pages"}],"about":[{"href":"https:\/\/academy.cavaria.be\/pt-pt\/wp-json\/wp\/v2\/types\/page"}],"author":[{"embeddable":true,"href":"https:\/\/academy.cavaria.be\/pt-pt\/wp-json\/wp\/v2\/users\/1"}],"replies":[{"embeddable":true,"href":"https:\/\/academy.cavaria.be\/pt-pt\/wp-json\/wp\/v2\/comments?post=44199"}],"version-history":[{"count":4,"href":"https:\/\/academy.cavaria.be\/pt-pt\/wp-json\/wp\/v2\/pages\/44199\/revisions"}],"predecessor-version":[{"id":48245,"href":"https:\/\/academy.cavaria.be\/pt-pt\/wp-json\/wp\/v2\/pages\/44199\/revisions\/48245"}],"wp:attachment":[{"href":"https:\/\/academy.cavaria.be\/pt-pt\/wp-json\/wp\/v2\/media?parent=44199"}],"curies":[{"name":"wp","href":"https:\/\/api.w.org\/{rel}","templated":true}]}}